{"id":758,"date":"2023-02-16T11:58:16","date_gmt":"2023-02-16T10:58:16","guid":{"rendered":"http:\/\/ferraricavbruno.it\/?post_type=product&#038;p=758"},"modified":"2025-04-09T16:43:18","modified_gmt":"2025-04-09T14:43:18","slug":"fiocco-prontotaglio","status":"publish","type":"product","link":"https:\/\/ferraricavbruno.it\/en\/prodotto\/fiocco-prontotaglio\/","title":{"rendered":"Il Fiocco Ferrari | 0,7-0,9 Kg | Stagionatura 4 mesi"},"content":{"rendered":"\t\t<div data-elementor-type=\"wp-post\" data-elementor-id=\"758\" class=\"elementor elementor-758\">\n\t\t\t\t\t\t<section class=\"elementor-section elementor-top-section elementor-element elementor-element-612d582 elementor-section-boxed elementor-section-height-default elementor-section-height-default\" data-id=\"612d582\" data-element_type=\"section\" data-e-type=\"section\">\n\t\t\t\t\t\t<div class=\"elementor-container elementor-column-gap-default\">\n\t\t\t\t\t<div class=\"elementor-column elementor-col-100 elementor-top-column elementor-element elementor-element-2f27e1d\" data-id=\"2f27e1d\" data-element_type=\"column\" data-e-type=\"column\">\n\t\t\t<div class=\"elementor-widget-wrap elementor-element-populated\">\n\t\t\t\t\t\t<section class=\"elementor-section elementor-inner-section elementor-element elementor-element-5350503 elementor-section-boxed elementor-section-height-default elementor-section-height-default\" data-id=\"5350503\" data-element_type=\"section\" data-e-type=\"section\">\n\t\t\t\t\t\t<div class=\"elementor-container elementor-column-gap-default\">\n\t\t\t\t\t<div class=\"elementor-column elementor-col-100 elementor-inner-column elementor-element elementor-element-5688a05\" data-id=\"5688a05\" data-element_type=\"column\" data-e-type=\"column\">\n\t\t\t<div class=\"elementor-widget-wrap elementor-element-populated\">\n\t\t\t\t\t\t<div class=\"elementor-element elementor-element-ac4c9ec elementor-widget elementor-widget-heading\" data-id=\"ac4c9ec\" data-element_type=\"widget\" data-e-type=\"widget\" data-widget_type=\"heading.default\">\n\t\t\t\t<div class=\"elementor-widget-container\">\n\t\t\t\t\t<h1 class=\"elementor-heading-title elementor-size-default\">Il Fiocco Ferrari - 0,7\/0,9 Kg Stagionatura 4 mesi\n<\/h1>\t\t\t\t<\/div>\n\t\t\t\t<\/div>\n\t\t\t\t<div class=\"elementor-element elementor-element-3022e26 elementor-widget elementor-widget-text-editor\" data-id=\"3022e26\" data-element_type=\"widget\" data-e-type=\"widget\" data-widget_type=\"text-editor.default\">\n\t\t\t\t<div class=\"elementor-widget-container\">\n\t\t\t\t\t\t\t\t\t<p>Il Fiocco Ferrari \u00e8 un salume di qualit\u00e0 pregiata dal rosso intenso caratteristico che presenta sottilissime striature di grasso. \u00c8 un prodotto che per tradizione viene consumato in occasioni speciali, poich\u00e9 dona ad ogni piatto un profumo intenso.<\/p>\t\t\t\t\t\t\t\t<\/div>\n\t\t\t\t<\/div>\n\t\t\t\t<div class=\"elementor-element elementor-element-a308cb8 elementor-widget elementor-widget-text-editor\" data-id=\"a308cb8\" data-element_type=\"widget\" data-e-type=\"widget\" data-widget_type=\"text-editor.default\">\n\t\t\t\t<div class=\"elementor-widget-container\">\n\t\t\t\t\t\t\t\t\t<p>Viene prodotto seguendo un processo tradizionale che prevede la rifilatura, la salagione a secco con sale e spezie, la legatura a mano e la stagionatura di almeno 4 mesi in ambienti umidi e freschi.<\/p><p>Il Fiocco Ferrari \u00e8 un salume dal sapore intenso e dalla consistenza leggermente croccante. Ideale da consumare da solo o come accompagnamento a piatti dal gusto deciso.<\/p>\t\t\t\t\t\t\t\t<\/div>\n\t\t\t\t<\/div>\n\t\t\t\t\t<\/div>\n\t\t<\/div>\n\t\t\t\t\t<\/div>\n\t\t<\/section>\n\t\t\t\t<section class=\"elementor-section elementor-inner-section elementor-element elementor-element-a5db446 elementor-section-boxed elementor-section-height-default elementor-section-height-default\" data-id=\"a5db446\" data-element_type=\"section\" data-e-type=\"section\">\n\t\t\t\t\t\t<div class=\"elementor-container elementor-column-gap-default\">\n\t\t\t\t\t<div class=\"elementor-column elementor-col-50 elementor-inner-column elementor-element elementor-element-bf9e937\" data-id=\"bf9e937\" data-element_type=\"column\" data-e-type=\"column\">\n\t\t\t<div class=\"elementor-widget-wrap elementor-element-populated\">\n\t\t\t\t\t\t<div class=\"elementor-element elementor-element-d5bdf63 elementor-widget elementor-widget-image\" data-id=\"d5bdf63\" data-element_type=\"widget\" data-e-type=\"widget\" data-widget_type=\"image.default\">\n\t\t\t\t<div class=\"elementor-widget-container\">\n\t\t\t\t\t\t\t\t\t\t\t\t\t\t\t<img fetchpriority=\"high\" decoding=\"async\" width=\"400\" height=\"400\" src=\"https:\/\/ferraricavbruno.it\/wp-content\/uploads\/2021\/10\/ferrari-info-prodotto-1.png\" class=\"attachment-large size-large wp-image-2174\" alt=\"\" srcset=\"https:\/\/ferraricavbruno.it\/wp-content\/uploads\/2021\/10\/ferrari-info-prodotto-1.png 400w, https:\/\/ferraricavbruno.it\/wp-content\/uploads\/2021\/10\/ferrari-info-prodotto-1-300x300.png 300w, https:\/\/ferraricavbruno.it\/wp-content\/uploads\/2021\/10\/ferrari-info-prodotto-1-150x150.png 150w, https:\/\/ferraricavbruno.it\/wp-content\/uploads\/2021\/10\/ferrari-info-prodotto-1-146x146.png 146w, https:\/\/ferraricavbruno.it\/wp-content\/uploads\/2021\/10\/ferrari-info-prodotto-1-50x50.png 50w, https:\/\/ferraricavbruno.it\/wp-content\/uploads\/2021\/10\/ferrari-info-prodotto-1-75x75.png 75w, https:\/\/ferraricavbruno.it\/wp-content\/uploads\/2021\/10\/ferrari-info-prodotto-1-85x85.png 85w, https:\/\/ferraricavbruno.it\/wp-content\/uploads\/2021\/10\/ferrari-info-prodotto-1-80x80.png 80w\" sizes=\"(max-width:767px) 400px, 400px\" title=\"\">\t\t\t\t\t\t\t\t\t\t\t\t\t\t\t<\/div>\n\t\t\t\t<\/div>\n\t\t\t\t\t<\/div>\n\t\t<\/div>\n\t\t\t\t<div class=\"elementor-column elementor-col-50 elementor-inner-column elementor-element elementor-element-90d5676\" data-id=\"90d5676\" data-element_type=\"column\" data-e-type=\"column\">\n\t\t\t<div class=\"elementor-widget-wrap elementor-element-populated\">\n\t\t\t\t\t\t<div class=\"elementor-element elementor-element-8f890f0 elementor-widget elementor-widget-text-editor\" data-id=\"8f890f0\" data-element_type=\"widget\" data-e-type=\"widget\" data-widget_type=\"text-editor.default\">\n\t\t\t\t<div class=\"elementor-widget-container\">\n\t\t\t\t\t\t\t\t\t<p><strong>Pezzatura:<\/strong> kg 0,7\/0,9 circa<\/p><p><strong>Periodo di stagionatura:<\/strong> min. 60\/90 giorni<\/p><p><strong>Tempo max di conservazione:<\/strong> 4 mesi &#8211; consumare velocemente dopo l\u2019apertura conservando in frigorifero a temperatura non superiore a 10\u00b0<\/p><p><strong>Ingredienti:<\/strong> Carne suina nazionale, sale, spezie-conservante: E252<\/p>\t\t\t\t\t\t\t\t<\/div>\n\t\t\t\t<\/div>\n\t\t\t\t\t<\/div>\n\t\t<\/div>\n\t\t\t\t\t<\/div>\n\t\t<\/section>\n\t\t\t\t<div class=\"elementor-element elementor-element-4b77f6a elementor-widget elementor-widget-text-editor\" data-id=\"4b77f6a\" data-element_type=\"widget\" data-e-type=\"widget\" data-widget_type=\"text-editor.default\">\n\t\t\t\t<div class=\"elementor-widget-container\">\n\t\t\t\t\t\t\t\t\tNel prodotto non sono presenti allergeni, <br>non esiste rischio di contaminazioni crociate\t\t\t\t\t\t\t\t<\/div>\n\t\t\t\t<\/div>\n\t\t\t\t<section class=\"elementor-section elementor-inner-section elementor-element elementor-element-9430a78 elementor-section-boxed elementor-section-height-default elementor-section-height-default\" data-id=\"9430a78\" data-element_type=\"section\" data-e-type=\"section\">\n\t\t\t\t\t\t<div class=\"elementor-container elementor-column-gap-default\">\n\t\t\t\t\t<div class=\"elementor-column elementor-col-100 elementor-inner-column elementor-element elementor-element-aee867a\" data-id=\"aee867a\" data-element_type=\"column\" data-e-type=\"column\">\n\t\t\t<div class=\"elementor-widget-wrap elementor-element-populated\">\n\t\t\t\t\t\t<div class=\"elementor-element elementor-element-fd79b98 elementor-widget__width-initial elementor-widget-mobile__width-initial elementor-position-top elementor-widget elementor-widget-image-box\" data-id=\"fd79b98\" data-element_type=\"widget\" data-e-type=\"widget\" data-widget_type=\"image-box.default\">\n\t\t\t\t<div class=\"elementor-widget-container\">\n\t\t\t\t\t<div class=\"elementor-image-box-wrapper\"><figure class=\"elementor-image-box-img\"><img decoding=\"async\" width=\"200\" height=\"200\" src=\"https:\/\/ferraricavbruno.it\/wp-content\/uploads\/2023\/02\/icone-ferrari-cav-bruno-200-\u00d7-200-px-1.png\" class=\"attachment-full size-full wp-image-851\" alt=\"\" title=\"\" srcset=\"https:\/\/ferraricavbruno.it\/wp-content\/uploads\/2023\/02\/icone-ferrari-cav-bruno-200-\u00d7-200-px-1.png 200w, https:\/\/ferraricavbruno.it\/wp-content\/uploads\/2023\/02\/icone-ferrari-cav-bruno-200-\u00d7-200-px-1-150x150.png 150w, https:\/\/ferraricavbruno.it\/wp-content\/uploads\/2023\/02\/icone-ferrari-cav-bruno-200-\u00d7-200-px-1-146x146.png 146w, https:\/\/ferraricavbruno.it\/wp-content\/uploads\/2023\/02\/icone-ferrari-cav-bruno-200-\u00d7-200-px-1-50x50.png 50w, https:\/\/ferraricavbruno.it\/wp-content\/uploads\/2023\/02\/icone-ferrari-cav-bruno-200-\u00d7-200-px-1-75x75.png 75w, https:\/\/ferraricavbruno.it\/wp-content\/uploads\/2023\/02\/icone-ferrari-cav-bruno-200-\u00d7-200-px-1-85x85.png 85w, https:\/\/ferraricavbruno.it\/wp-content\/uploads\/2023\/02\/icone-ferrari-cav-bruno-200-\u00d7-200-px-1-80x80.png 80w\" sizes=\"(max-width:767px) 200px, 200px\" \/><\/figure><div class=\"elementor-image-box-content\"><h6 class=\"elementor-image-box-title\">Prodotto servito nei migliori ristoranti di Parma<\/h6><\/div><\/div>\t\t\t\t<\/div>\n\t\t\t\t<\/div>\n\t\t\t\t<div class=\"elementor-element elementor-element-beadc3d elementor-widget__width-initial elementor-widget-mobile__width-initial elementor-position-top elementor-widget elementor-widget-image-box\" data-id=\"beadc3d\" data-element_type=\"widget\" data-e-type=\"widget\" data-widget_type=\"image-box.default\">\n\t\t\t\t<div class=\"elementor-widget-container\">\n\t\t\t\t\t<div class=\"elementor-image-box-wrapper\"><figure class=\"elementor-image-box-img\"><img decoding=\"async\" width=\"200\" height=\"200\" src=\"https:\/\/ferraricavbruno.it\/wp-content\/uploads\/2023\/02\/4.png\" class=\"attachment-full size-full wp-image-854\" alt=\"\" title=\"\" srcset=\"https:\/\/ferraricavbruno.it\/wp-content\/uploads\/2023\/02\/4.png 200w, https:\/\/ferraricavbruno.it\/wp-content\/uploads\/2023\/02\/4-150x150.png 150w, https:\/\/ferraricavbruno.it\/wp-content\/uploads\/2023\/02\/4-146x146.png 146w, https:\/\/ferraricavbruno.it\/wp-content\/uploads\/2023\/02\/4-50x50.png 50w, https:\/\/ferraricavbruno.it\/wp-content\/uploads\/2023\/02\/4-75x75.png 75w, https:\/\/ferraricavbruno.it\/wp-content\/uploads\/2023\/02\/4-85x85.png 85w, https:\/\/ferraricavbruno.it\/wp-content\/uploads\/2023\/02\/4-80x80.png 80w\" sizes=\"(max-width:767px) 200px, 200px\" \/><\/figure><div class=\"elementor-image-box-content\"><h6 class=\"elementor-image-box-title\">Pagamento sicuro e veloce <br>grazie a PayPal<\/h6><\/div><\/div>\t\t\t\t<\/div>\n\t\t\t\t<\/div>\n\t\t\t\t<div class=\"elementor-element elementor-element-d786172 elementor-hidden-mobile elementor-widget elementor-widget-spacer\" data-id=\"d786172\" data-element_type=\"widget\" data-e-type=\"widget\" data-widget_type=\"spacer.default\">\n\t\t\t\t<div class=\"elementor-widget-container\">\n\t\t\t\t\t\t\t<div class=\"elementor-spacer\">\n\t\t\t<div class=\"elementor-spacer-inner\"><\/div>\n\t\t<\/div>\n\t\t\t\t\t\t<\/div>\n\t\t\t\t<\/div>\n\t\t\t\t<div class=\"elementor-element elementor-element-31584eb elementor-widget__width-initial elementor-widget-mobile__width-initial elementor-position-top elementor-widget elementor-widget-image-box\" data-id=\"31584eb\" data-element_type=\"widget\" data-e-type=\"widget\" data-widget_type=\"image-box.default\">\n\t\t\t\t<div class=\"elementor-widget-container\">\n\t\t\t\t\t<div class=\"elementor-image-box-wrapper\"><figure class=\"elementor-image-box-img\"><img loading=\"lazy\" decoding=\"async\" width=\"200\" height=\"200\" src=\"https:\/\/ferraricavbruno.it\/wp-content\/uploads\/2023\/02\/2.png\" class=\"attachment-full size-full wp-image-852\" alt=\"\" title=\"\" srcset=\"https:\/\/ferraricavbruno.it\/wp-content\/uploads\/2023\/02\/2.png 200w, https:\/\/ferraricavbruno.it\/wp-content\/uploads\/2023\/02\/2-150x150.png 150w, https:\/\/ferraricavbruno.it\/wp-content\/uploads\/2023\/02\/2-146x146.png 146w, https:\/\/ferraricavbruno.it\/wp-content\/uploads\/2023\/02\/2-50x50.png 50w, https:\/\/ferraricavbruno.it\/wp-content\/uploads\/2023\/02\/2-75x75.png 75w, https:\/\/ferraricavbruno.it\/wp-content\/uploads\/2023\/02\/2-85x85.png 85w, https:\/\/ferraricavbruno.it\/wp-content\/uploads\/2023\/02\/2-80x80.png 80w\" sizes=\"(max-width:767px) 200px, 200px\" \/><\/figure><div class=\"elementor-image-box-content\"><h6 class=\"elementor-image-box-title\">Spedizione gratuita<\/h6><\/div><\/div>\t\t\t\t<\/div>\n\t\t\t\t<\/div>\n\t\t\t\t<div class=\"elementor-element elementor-element-3d5c3fb elementor-widget__width-initial elementor-widget-mobile__width-initial elementor-position-top elementor-widget elementor-widget-image-box\" data-id=\"3d5c3fb\" data-element_type=\"widget\" data-e-type=\"widget\" data-widget_type=\"image-box.default\">\n\t\t\t\t<div class=\"elementor-widget-container\">\n\t\t\t\t\t<div class=\"elementor-image-box-wrapper\"><figure class=\"elementor-image-box-img\"><img loading=\"lazy\" decoding=\"async\" width=\"200\" height=\"200\" src=\"https:\/\/ferraricavbruno.it\/wp-content\/uploads\/2023\/02\/3.png\" class=\"attachment-full size-full wp-image-853\" alt=\"\" title=\"\" srcset=\"https:\/\/ferraricavbruno.it\/wp-content\/uploads\/2023\/02\/3.png 200w, https:\/\/ferraricavbruno.it\/wp-content\/uploads\/2023\/02\/3-150x150.png 150w, https:\/\/ferraricavbruno.it\/wp-content\/uploads\/2023\/02\/3-146x146.png 146w, https:\/\/ferraricavbruno.it\/wp-content\/uploads\/2023\/02\/3-50x50.png 50w, https:\/\/ferraricavbruno.it\/wp-content\/uploads\/2023\/02\/3-75x75.png 75w, https:\/\/ferraricavbruno.it\/wp-content\/uploads\/2023\/02\/3-85x85.png 85w, https:\/\/ferraricavbruno.it\/wp-content\/uploads\/2023\/02\/3-80x80.png 80w\" sizes=\"(max-width:767px) 200px, 200px\" \/><\/figure><div class=\"elementor-image-box-content\"><h6 class=\"elementor-image-box-title\">Direttamente dal produttore <br>al consumatore<\/h6><\/div><\/div>\t\t\t\t<\/div>\n\t\t\t\t<\/div>\n\t\t\t\t\t<\/div>\n\t\t<\/div>\n\t\t\t\t\t<\/div>\n\t\t<\/section>\n\t\t\t\t\t<\/div>\n\t\t<\/div>\n\t\t\t\t\t<\/div>\n\t\t<\/section>\n\t\t\t\t<\/div>\n\t\t","protected":false},"excerpt":{"rendered":"<p>Il Fiocco Ferrari \u00e8 un salume pregiato dal sapore dolce e delicato, ottenuto dalla coscia di suino nazionale. La sua stagionatura dura minimo 4 mesi e viene prodotto con la tradizionale legatura a mano, dando al prodotto un tipico aspetto ovale.<\/p>\n<p>Visualizza <a href=\"https:\/\/ferraricavbruno.it\/wp-content\/uploads\/2023\/02\/8-Fiocco-meta.pdf\" target=\"_blank\" rel=\"noopener\">scheda tecnica<\/a><\/p>\n","protected":false},"featured_media":909,"comment_status":"closed","ping_status":"closed","template":"","meta":[],"product_brand":[],"product_cat":[55],"product_tag":[],"class_list":{"0":"post-758","1":"product","2":"type-product","3":"status-publish","4":"has-post-thumbnail","6":"product_cat-fiocco","8":"first","9":"instock","10":"shipping-taxable","11":"purchasable","12":"product-type-simple"},"_links":{"self":[{"href":"https:\/\/ferraricavbruno.it\/en\/wp-json\/wp\/v2\/product\/758","targetHints":{"allow":["GET"]}}],"collection":[{"href":"https:\/\/ferraricavbruno.it\/en\/wp-json\/wp\/v2\/product"}],"about":[{"href":"https:\/\/ferraricavbruno.it\/en\/wp-json\/wp\/v2\/types\/product"}],"replies":[{"embeddable":true,"href":"https:\/\/ferraricavbruno.it\/en\/wp-json\/wp\/v2\/comments?post=758"}],"version-history":[{"count":0,"href":"https:\/\/ferraricavbruno.it\/en\/wp-json\/wp\/v2\/product\/758\/revisions"}],"wp:featuredmedia":[{"embeddable":true,"href":"https:\/\/ferraricavbruno.it\/en\/wp-json\/wp\/v2\/media\/909"}],"wp:attachment":[{"href":"https:\/\/ferraricavbruno.it\/en\/wp-json\/wp\/v2\/media?parent=758"}],"wp:term":[{"taxonomy":"product_brand","embeddable":true,"href":"https:\/\/ferraricavbruno.it\/en\/wp-json\/wp\/v2\/product_brand?post=758"},{"taxonomy":"product_cat","embeddable":true,"href":"https:\/\/ferraricavbruno.it\/en\/wp-json\/wp\/v2\/product_cat?post=758"},{"taxonomy":"product_tag","embeddable":true,"href":"https:\/\/ferraricavbruno.it\/en\/wp-json\/wp\/v2\/product_tag?post=758"}],"curies":[{"name":"wp","href":"https:\/\/api.w.org\/{rel}","templated":true}]}}