{"id":755,"date":"2023-02-16T11:58:08","date_gmt":"2023-02-16T10:58:08","guid":{"rendered":"http:\/\/ferraricavbruno.it\/?post_type=product&#038;p=755"},"modified":"2023-04-18T12:37:03","modified_gmt":"2023-04-18T10:37:03","slug":"pancettone","status":"publish","type":"product","link":"https:\/\/ferraricavbruno.it\/en\/prodotto\/pancettone\/","title":{"rendered":"Pancettone Pronto-taglio | 6 Kg | Stagionatura 10 mesi"},"content":{"rendered":"\t\t<div data-elementor-type=\"wp-post\" data-elementor-id=\"755\" class=\"elementor elementor-755\">\n\t\t\t\t\t\t<section class=\"elementor-section elementor-top-section elementor-element elementor-element-903bece elementor-section-boxed elementor-section-height-default elementor-section-height-default\" data-id=\"903bece\" data-element_type=\"section\" data-e-type=\"section\">\n\t\t\t\t\t\t<div class=\"elementor-container elementor-column-gap-default\">\n\t\t\t\t\t<div class=\"elementor-column elementor-col-100 elementor-top-column elementor-element elementor-element-60f9269\" data-id=\"60f9269\" data-element_type=\"column\" data-e-type=\"column\">\n\t\t\t<div class=\"elementor-widget-wrap elementor-element-populated\">\n\t\t\t\t\t\t<section class=\"elementor-section elementor-inner-section elementor-element elementor-element-bcb9f89 elementor-section-boxed elementor-section-height-default elementor-section-height-default\" data-id=\"bcb9f89\" data-element_type=\"section\" data-e-type=\"section\">\n\t\t\t\t\t\t<div class=\"elementor-container elementor-column-gap-default\">\n\t\t\t\t\t<div class=\"elementor-column elementor-col-100 elementor-inner-column elementor-element elementor-element-7ebfff4\" data-id=\"7ebfff4\" data-element_type=\"column\" data-e-type=\"column\">\n\t\t\t<div class=\"elementor-widget-wrap elementor-element-populated\">\n\t\t\t\t\t\t<div class=\"elementor-element elementor-element-7f8c921 elementor-widget elementor-widget-heading\" data-id=\"7f8c921\" data-element_type=\"widget\" data-e-type=\"widget\" data-widget_type=\"heading.default\">\n\t\t\t\t<div class=\"elementor-widget-container\">\n\t\t\t\t\t<h1 class=\"elementor-heading-title elementor-size-default\">Pancettone Pronto-taglio - 6 Kg Stagionatura 10 mesi\n<\/h1>\t\t\t\t<\/div>\n\t\t\t\t<\/div>\n\t\t\t\t<div class=\"elementor-element elementor-element-8f512c9 elementor-widget elementor-widget-text-editor\" data-id=\"8f512c9\" data-element_type=\"widget\" data-e-type=\"widget\" data-widget_type=\"text-editor.default\">\n\t\t\t\t<div class=\"elementor-widget-container\">\n\t\t\t\t\t\t\t\t\t<p>Il Pancettone Pronto-Taglio del Salumificio Ferrari Cavalier Bruno \u00e8 il prodotto ideale per chi ama i salumi italiani di qualit\u00e0. Realizzato con carni di suino scelte e pregiata pancetta di suino nostrana, selezionate con cura per garantire il massimo pregio, il pancettone viene lavorato artigianalmente e stagionato in modo naturale nelle cantine del nostro salumificio, per un periodo minimo di 10 mesi.<\/p>\t\t\t\t\t\t\t\t<\/div>\n\t\t\t\t<\/div>\n\t\t\t\t<div class=\"elementor-element elementor-element-4d7cc97 elementor-widget elementor-widget-text-editor\" data-id=\"4d7cc97\" data-element_type=\"widget\" data-e-type=\"widget\" data-widget_type=\"text-editor.default\">\n\t\t\t\t<div class=\"elementor-widget-container\">\n\t\t\t\t\t\t\t\t\t<p>Una volta tagliato, la sua parte grassa \u00e8 di preludio al suo sapore unico, dolce e delicato, con una morbidezza che delizier\u00e0 il palato. Questo salume versatile \u00e8 disponibile in confezioni da 6 Kg, ed \u00e8 il prodotto ideale per chi ama il sapore delle eccellenze italiane.<\/p>\t\t\t\t\t\t\t\t<\/div>\n\t\t\t\t<\/div>\n\t\t\t\t\t<\/div>\n\t\t<\/div>\n\t\t\t\t\t<\/div>\n\t\t<\/section>\n\t\t\t\t<section class=\"elementor-section elementor-inner-section elementor-element elementor-element-f0b1cc6 elementor-section-boxed elementor-section-height-default elementor-section-height-default\" data-id=\"f0b1cc6\" data-element_type=\"section\" data-e-type=\"section\">\n\t\t\t\t\t\t<div class=\"elementor-container elementor-column-gap-default\">\n\t\t\t\t\t<div class=\"elementor-column elementor-col-50 elementor-inner-column elementor-element elementor-element-3385f91\" data-id=\"3385f91\" data-element_type=\"column\" data-e-type=\"column\">\n\t\t\t<div class=\"elementor-widget-wrap elementor-element-populated\">\n\t\t\t\t\t\t<div class=\"elementor-element elementor-element-87c54a8 elementor-widget elementor-widget-image\" data-id=\"87c54a8\" data-element_type=\"widget\" data-e-type=\"widget\" data-widget_type=\"image.default\">\n\t\t\t\t<div class=\"elementor-widget-container\">\n\t\t\t\t\t\t\t\t\t\t\t\t\t\t\t<img fetchpriority=\"high\" decoding=\"async\" width=\"400\" height=\"400\" src=\"https:\/\/ferraricavbruno.it\/wp-content\/uploads\/2021\/10\/ferrari-info-prodotto-1.png\" class=\"attachment-large size-large wp-image-707\" alt=\"\" srcset=\"https:\/\/ferraricavbruno.it\/wp-content\/uploads\/2021\/10\/ferrari-info-prodotto-1.png 400w, https:\/\/ferraricavbruno.it\/wp-content\/uploads\/2021\/10\/ferrari-info-prodotto-1-300x300.png 300w, https:\/\/ferraricavbruno.it\/wp-content\/uploads\/2021\/10\/ferrari-info-prodotto-1-150x150.png 150w, https:\/\/ferraricavbruno.it\/wp-content\/uploads\/2021\/10\/ferrari-info-prodotto-1-146x146.png 146w, https:\/\/ferraricavbruno.it\/wp-content\/uploads\/2021\/10\/ferrari-info-prodotto-1-50x50.png 50w, https:\/\/ferraricavbruno.it\/wp-content\/uploads\/2021\/10\/ferrari-info-prodotto-1-75x75.png 75w, https:\/\/ferraricavbruno.it\/wp-content\/uploads\/2021\/10\/ferrari-info-prodotto-1-85x85.png 85w, https:\/\/ferraricavbruno.it\/wp-content\/uploads\/2021\/10\/ferrari-info-prodotto-1-80x80.png 80w\" sizes=\"(max-width:767px) 400px, 400px\" title=\"\">\t\t\t\t\t\t\t\t\t\t\t\t\t\t\t<\/div>\n\t\t\t\t<\/div>\n\t\t\t\t\t<\/div>\n\t\t<\/div>\n\t\t\t\t<div class=\"elementor-column elementor-col-50 elementor-inner-column elementor-element elementor-element-5274f90\" data-id=\"5274f90\" data-element_type=\"column\" data-e-type=\"column\">\n\t\t\t<div class=\"elementor-widget-wrap elementor-element-populated\">\n\t\t\t\t\t\t<div class=\"elementor-element elementor-element-99e7125 elementor-widget elementor-widget-text-editor\" data-id=\"99e7125\" data-element_type=\"widget\" data-e-type=\"widget\" data-widget_type=\"text-editor.default\">\n\t\t\t\t<div class=\"elementor-widget-container\">\n\t\t\t\t\t\t\t\t\t<p><strong>Pezzatura:<\/strong> kg 6 circa<\/p><p><strong>Periodo di stagionatura:<\/strong> minimo 120 giorni<\/p><p><strong>Tempo max di conservazione:<\/strong> 12 mesi ed oltre a temperatura max di 12\/15 \u00b0C ed umidit\u00e0 tra 75% e 85%<\/p><p><strong>Ingredienti:<\/strong> Pancetta di suino nazionale, sale, destrosio, spezie, aglio, aromi naturali, aromi<\/p>\t\t\t\t\t\t\t\t<\/div>\n\t\t\t\t<\/div>\n\t\t\t\t\t<\/div>\n\t\t<\/div>\n\t\t\t\t\t<\/div>\n\t\t<\/section>\n\t\t\t\t<div class=\"elementor-element elementor-element-166619b elementor-widget elementor-widget-text-editor\" data-id=\"166619b\" data-element_type=\"widget\" data-e-type=\"widget\" data-widget_type=\"text-editor.default\">\n\t\t\t\t<div class=\"elementor-widget-container\">\n\t\t\t\t\t\t\t\t\t<p>Nel prodotto non sono presenti allergeni<\/p>\t\t\t\t\t\t\t\t<\/div>\n\t\t\t\t<\/div>\n\t\t\t\t<section class=\"elementor-section elementor-inner-section elementor-element elementor-element-e1d7401 elementor-section-boxed elementor-section-height-default elementor-section-height-default\" data-id=\"e1d7401\" data-element_type=\"section\" data-e-type=\"section\">\n\t\t\t\t\t\t<div class=\"elementor-container elementor-column-gap-default\">\n\t\t\t\t\t<div class=\"elementor-column elementor-col-100 elementor-inner-column elementor-element elementor-element-568a9bb\" data-id=\"568a9bb\" data-element_type=\"column\" data-e-type=\"column\">\n\t\t\t<div class=\"elementor-widget-wrap elementor-element-populated\">\n\t\t\t\t\t\t<div class=\"elementor-element elementor-element-37c1b70 elementor-widget__width-initial elementor-widget-mobile__width-initial elementor-position-top elementor-widget elementor-widget-image-box\" data-id=\"37c1b70\" data-element_type=\"widget\" data-e-type=\"widget\" data-widget_type=\"image-box.default\">\n\t\t\t\t<div class=\"elementor-widget-container\">\n\t\t\t\t\t<div class=\"elementor-image-box-wrapper\"><figure class=\"elementor-image-box-img\"><img decoding=\"async\" width=\"200\" height=\"200\" src=\"https:\/\/ferraricavbruno.it\/wp-content\/uploads\/2023\/02\/icone-ferrari-cav-bruno-200-\u00d7-200-px-1.png\" class=\"attachment-full size-full wp-image-851\" alt=\"\" title=\"\" srcset=\"https:\/\/ferraricavbruno.it\/wp-content\/uploads\/2023\/02\/icone-ferrari-cav-bruno-200-\u00d7-200-px-1.png 200w, https:\/\/ferraricavbruno.it\/wp-content\/uploads\/2023\/02\/icone-ferrari-cav-bruno-200-\u00d7-200-px-1-150x150.png 150w, https:\/\/ferraricavbruno.it\/wp-content\/uploads\/2023\/02\/icone-ferrari-cav-bruno-200-\u00d7-200-px-1-146x146.png 146w, https:\/\/ferraricavbruno.it\/wp-content\/uploads\/2023\/02\/icone-ferrari-cav-bruno-200-\u00d7-200-px-1-50x50.png 50w, https:\/\/ferraricavbruno.it\/wp-content\/uploads\/2023\/02\/icone-ferrari-cav-bruno-200-\u00d7-200-px-1-75x75.png 75w, https:\/\/ferraricavbruno.it\/wp-content\/uploads\/2023\/02\/icone-ferrari-cav-bruno-200-\u00d7-200-px-1-85x85.png 85w, https:\/\/ferraricavbruno.it\/wp-content\/uploads\/2023\/02\/icone-ferrari-cav-bruno-200-\u00d7-200-px-1-80x80.png 80w\" sizes=\"(max-width:767px) 200px, 200px\" \/><\/figure><div class=\"elementor-image-box-content\"><h6 class=\"elementor-image-box-title\">Prodotto servito nei migliori ristoranti di Parma<\/h6><\/div><\/div>\t\t\t\t<\/div>\n\t\t\t\t<\/div>\n\t\t\t\t<div class=\"elementor-element elementor-element-7522c82 elementor-widget__width-initial elementor-widget-mobile__width-initial elementor-position-top elementor-widget elementor-widget-image-box\" data-id=\"7522c82\" data-element_type=\"widget\" data-e-type=\"widget\" data-widget_type=\"image-box.default\">\n\t\t\t\t<div class=\"elementor-widget-container\">\n\t\t\t\t\t<div class=\"elementor-image-box-wrapper\"><figure class=\"elementor-image-box-img\"><img decoding=\"async\" width=\"200\" height=\"200\" src=\"https:\/\/ferraricavbruno.it\/wp-content\/uploads\/2023\/02\/4.png\" class=\"attachment-full size-full wp-image-854\" alt=\"\" title=\"\" srcset=\"https:\/\/ferraricavbruno.it\/wp-content\/uploads\/2023\/02\/4.png 200w, https:\/\/ferraricavbruno.it\/wp-content\/uploads\/2023\/02\/4-150x150.png 150w, https:\/\/ferraricavbruno.it\/wp-content\/uploads\/2023\/02\/4-146x146.png 146w, https:\/\/ferraricavbruno.it\/wp-content\/uploads\/2023\/02\/4-50x50.png 50w, https:\/\/ferraricavbruno.it\/wp-content\/uploads\/2023\/02\/4-75x75.png 75w, https:\/\/ferraricavbruno.it\/wp-content\/uploads\/2023\/02\/4-85x85.png 85w, https:\/\/ferraricavbruno.it\/wp-content\/uploads\/2023\/02\/4-80x80.png 80w\" sizes=\"(max-width:767px) 200px, 200px\" \/><\/figure><div class=\"elementor-image-box-content\"><h6 class=\"elementor-image-box-title\">Pagamento sicuro e veloce <br>grazie a PayPal<\/h6><\/div><\/div>\t\t\t\t<\/div>\n\t\t\t\t<\/div>\n\t\t\t\t<div class=\"elementor-element elementor-element-d7ff752 elementor-hidden-mobile elementor-widget elementor-widget-spacer\" data-id=\"d7ff752\" data-element_type=\"widget\" data-e-type=\"widget\" data-widget_type=\"spacer.default\">\n\t\t\t\t<div class=\"elementor-widget-container\">\n\t\t\t\t\t\t\t<div class=\"elementor-spacer\">\n\t\t\t<div class=\"elementor-spacer-inner\"><\/div>\n\t\t<\/div>\n\t\t\t\t\t\t<\/div>\n\t\t\t\t<\/div>\n\t\t\t\t<div class=\"elementor-element elementor-element-4fabebd elementor-widget__width-initial elementor-widget-mobile__width-initial elementor-position-top elementor-widget elementor-widget-image-box\" data-id=\"4fabebd\" data-element_type=\"widget\" data-e-type=\"widget\" data-widget_type=\"image-box.default\">\n\t\t\t\t<div class=\"elementor-widget-container\">\n\t\t\t\t\t<div class=\"elementor-image-box-wrapper\"><figure class=\"elementor-image-box-img\"><img loading=\"lazy\" decoding=\"async\" width=\"200\" height=\"200\" src=\"https:\/\/ferraricavbruno.it\/wp-content\/uploads\/2023\/02\/2.png\" class=\"attachment-full size-full wp-image-852\" alt=\"\" title=\"\" srcset=\"https:\/\/ferraricavbruno.it\/wp-content\/uploads\/2023\/02\/2.png 200w, https:\/\/ferraricavbruno.it\/wp-content\/uploads\/2023\/02\/2-150x150.png 150w, https:\/\/ferraricavbruno.it\/wp-content\/uploads\/2023\/02\/2-146x146.png 146w, https:\/\/ferraricavbruno.it\/wp-content\/uploads\/2023\/02\/2-50x50.png 50w, https:\/\/ferraricavbruno.it\/wp-content\/uploads\/2023\/02\/2-75x75.png 75w, https:\/\/ferraricavbruno.it\/wp-content\/uploads\/2023\/02\/2-85x85.png 85w, https:\/\/ferraricavbruno.it\/wp-content\/uploads\/2023\/02\/2-80x80.png 80w\" sizes=\"(max-width:767px) 200px, 200px\" \/><\/figure><div class=\"elementor-image-box-content\"><h6 class=\"elementor-image-box-title\">Spedizione gratuita<\/h6><\/div><\/div>\t\t\t\t<\/div>\n\t\t\t\t<\/div>\n\t\t\t\t<div class=\"elementor-element elementor-element-1db4310 elementor-widget__width-initial elementor-widget-mobile__width-initial elementor-position-top elementor-widget elementor-widget-image-box\" data-id=\"1db4310\" data-element_type=\"widget\" data-e-type=\"widget\" data-widget_type=\"image-box.default\">\n\t\t\t\t<div class=\"elementor-widget-container\">\n\t\t\t\t\t<div class=\"elementor-image-box-wrapper\"><figure class=\"elementor-image-box-img\"><img loading=\"lazy\" decoding=\"async\" width=\"200\" height=\"200\" src=\"https:\/\/ferraricavbruno.it\/wp-content\/uploads\/2023\/02\/3.png\" class=\"attachment-full size-full wp-image-853\" alt=\"\" title=\"\" srcset=\"https:\/\/ferraricavbruno.it\/wp-content\/uploads\/2023\/02\/3.png 200w, https:\/\/ferraricavbruno.it\/wp-content\/uploads\/2023\/02\/3-150x150.png 150w, https:\/\/ferraricavbruno.it\/wp-content\/uploads\/2023\/02\/3-146x146.png 146w, https:\/\/ferraricavbruno.it\/wp-content\/uploads\/2023\/02\/3-50x50.png 50w, https:\/\/ferraricavbruno.it\/wp-content\/uploads\/2023\/02\/3-75x75.png 75w, https:\/\/ferraricavbruno.it\/wp-content\/uploads\/2023\/02\/3-85x85.png 85w, https:\/\/ferraricavbruno.it\/wp-content\/uploads\/2023\/02\/3-80x80.png 80w\" sizes=\"(max-width:767px) 200px, 200px\" \/><\/figure><div class=\"elementor-image-box-content\"><h6 class=\"elementor-image-box-title\">Direttamente dal produttore <br>al consumatore<\/h6><\/div><\/div>\t\t\t\t<\/div>\n\t\t\t\t<\/div>\n\t\t\t\t\t<\/div>\n\t\t<\/div>\n\t\t\t\t\t<\/div>\n\t\t<\/section>\n\t\t\t\t\t<\/div>\n\t\t<\/div>\n\t\t\t\t\t<\/div>\n\t\t<\/section>\n\t\t\t\t<\/div>\n\t\t","protected":false},"excerpt":{"rendered":"<p>Il Pancettone del Salumificio Ferrari Cavalier Bruno \u00e8 un salume dolce e delicato, con una stagionatura di almeno 10 mesi, interamente realizzato con carni di suino di qualit\u00e0 italiana.<\/p>\n<p>Visualizza <a href=\"https:\/\/ferraricavbruno.it\/wp-content\/uploads\/2023\/02\/9-Pancettone.pdf\" target=\"_blank\" rel=\"noopener\">scheda tecnica<\/a><\/p>\n","protected":false},"featured_media":920,"comment_status":"closed","ping_status":"closed","template":"","meta":[],"product_brand":[],"product_cat":[53],"product_tag":[],"class_list":{"0":"post-755","1":"product","2":"type-product","3":"status-publish","4":"has-post-thumbnail","6":"product_cat-pancetta","8":"first","9":"instock","10":"sale","11":"shipping-taxable","12":"purchasable","13":"product-type-simple"},"_links":{"self":[{"href":"https:\/\/ferraricavbruno.it\/en\/wp-json\/wp\/v2\/product\/755","targetHints":{"allow":["GET"]}}],"collection":[{"href":"https:\/\/ferraricavbruno.it\/en\/wp-json\/wp\/v2\/product"}],"about":[{"href":"https:\/\/ferraricavbruno.it\/en\/wp-json\/wp\/v2\/types\/product"}],"replies":[{"embeddable":true,"href":"https:\/\/ferraricavbruno.it\/en\/wp-json\/wp\/v2\/comments?post=755"}],"version-history":[{"count":0,"href":"https:\/\/ferraricavbruno.it\/en\/wp-json\/wp\/v2\/product\/755\/revisions"}],"wp:featuredmedia":[{"embeddable":true,"href":"https:\/\/ferraricavbruno.it\/en\/wp-json\/wp\/v2\/media\/920"}],"wp:attachment":[{"href":"https:\/\/ferraricavbruno.it\/en\/wp-json\/wp\/v2\/media?parent=755"}],"wp:term":[{"taxonomy":"product_brand","embeddable":true,"href":"https:\/\/ferraricavbruno.it\/en\/wp-json\/wp\/v2\/product_brand?post=755"},{"taxonomy":"product_cat","embeddable":true,"href":"https:\/\/ferraricavbruno.it\/en\/wp-json\/wp\/v2\/product_cat?post=755"},{"taxonomy":"product_tag","embeddable":true,"href":"https:\/\/ferraricavbruno.it\/en\/wp-json\/wp\/v2\/product_tag?post=755"}],"curies":[{"name":"wp","href":"https:\/\/api.w.org\/{rel}","templated":true}]}}