{"id":749,"date":"2023-02-16T11:56:54","date_gmt":"2023-02-16T10:56:54","guid":{"rendered":"http:\/\/ferraricavbruno.it\/?post_type=product&#038;p=749"},"modified":"2025-04-08T16:12:20","modified_gmt":"2025-04-08T14:12:20","slug":"parmigiano-reggiano-24-mesi","status":"publish","type":"product","link":"https:\/\/ferraricavbruno.it\/en\/prodotto\/parmigiano-reggiano-24-mesi\/","title":{"rendered":"Parmigiano Reggiano 24 mesi DOP 0,9\/1,0 kg"},"content":{"rendered":"\t\t<div data-elementor-type=\"wp-post\" data-elementor-id=\"749\" class=\"elementor elementor-749\">\n\t\t\t\t\t\t<section class=\"elementor-section elementor-top-section elementor-element elementor-element-a964013 elementor-section-boxed elementor-section-height-default elementor-section-height-default\" data-id=\"a964013\" data-element_type=\"section\" data-e-type=\"section\">\n\t\t\t\t\t\t<div class=\"elementor-container elementor-column-gap-default\">\n\t\t\t\t\t<div class=\"elementor-column elementor-col-100 elementor-top-column elementor-element elementor-element-66c7d4f\" data-id=\"66c7d4f\" data-element_type=\"column\" data-e-type=\"column\">\n\t\t\t<div class=\"elementor-widget-wrap elementor-element-populated\">\n\t\t\t\t\t\t<section class=\"elementor-section elementor-inner-section elementor-element elementor-element-121f73b elementor-section-boxed elementor-section-height-default elementor-section-height-default\" data-id=\"121f73b\" data-element_type=\"section\" data-e-type=\"section\">\n\t\t\t\t\t\t<div class=\"elementor-container elementor-column-gap-default\">\n\t\t\t\t\t<div class=\"elementor-column elementor-col-100 elementor-inner-column elementor-element elementor-element-488a247\" data-id=\"488a247\" data-element_type=\"column\" data-e-type=\"column\">\n\t\t\t<div class=\"elementor-widget-wrap elementor-element-populated\">\n\t\t\t\t\t\t<div class=\"elementor-element elementor-element-89d76de elementor-widget elementor-widget-heading\" data-id=\"89d76de\" data-element_type=\"widget\" data-e-type=\"widget\" data-widget_type=\"heading.default\">\n\t\t\t\t<div class=\"elementor-widget-container\">\n\t\t\t\t\t<h1 class=\"elementor-heading-title elementor-size-default\">Parmigiano Reggiano 24 mesi DOP<\/h1>\t\t\t\t<\/div>\n\t\t\t\t<\/div>\n\t\t\t\t<div class=\"elementor-element elementor-element-4c7be02 elementor-widget elementor-widget-text-editor\" data-id=\"4c7be02\" data-element_type=\"widget\" data-e-type=\"widget\" data-widget_type=\"text-editor.default\">\n\t\t\t\t<div class=\"elementor-widget-container\">\n\t\t\t\t\t\t\t\t\t<p>Il Parmigiano Reggiano \u00e8 uno dei formaggi pi\u00f9 apprezzati al mondo. Prodotto a partire da latte vaccino crudo e stagionato per almeno 24 mesi, questo formaggio DOP italiano \u00e8 un alimento ricco di qualit\u00e0 nutritive, perfettamente digeribile, fresco al 100% e con un sapore unico, equilibrato tra dolce e salato.<\/p>\t\t\t\t\t\t\t\t<\/div>\n\t\t\t\t<\/div>\n\t\t\t\t<div class=\"elementor-element elementor-element-3bee967 elementor-widget elementor-widget-text-editor\" data-id=\"3bee967\" data-element_type=\"widget\" data-e-type=\"widget\" data-widget_type=\"text-editor.default\">\n\t\t\t\t<div class=\"elementor-widget-container\">\n\t\t\t\t\t\t\t\t\t<p>Estremamente versatile, pu\u00f2 essere utilizzato nella preparazione di piatti sia salati che dolci. Perfetto da servire in abbinamento a vini rossi corposi o accompagnato a frutta di stagione, sia fresca che secca, \u00e8 un alimento prezioso per i suoi valori nutrizionali e un tocco di sapore italiano.<\/p><p>Provate il Parmigiano Reggiano di 24 mesi e scoprite la sua complessit\u00e0 di aromi e di sapori in un equilibrio perfetto di dolce e salato allo stesso tempo. Spedizione in tutta Italia.<\/p>\t\t\t\t\t\t\t\t<\/div>\n\t\t\t\t<\/div>\n\t\t\t\t\t<\/div>\n\t\t<\/div>\n\t\t\t\t\t<\/div>\n\t\t<\/section>\n\t\t\t\t<section class=\"elementor-section elementor-inner-section elementor-element elementor-element-5764304 elementor-section-boxed elementor-section-height-default elementor-section-height-default\" data-id=\"5764304\" data-element_type=\"section\" data-e-type=\"section\">\n\t\t\t\t\t\t<div class=\"elementor-container elementor-column-gap-default\">\n\t\t\t\t\t<div class=\"elementor-column elementor-col-50 elementor-inner-column elementor-element elementor-element-7deda02\" data-id=\"7deda02\" data-element_type=\"column\" data-e-type=\"column\">\n\t\t\t<div class=\"elementor-widget-wrap elementor-element-populated\">\n\t\t\t\t\t\t<div class=\"elementor-element elementor-element-32123c4 elementor-widget elementor-widget-image\" data-id=\"32123c4\" data-element_type=\"widget\" data-e-type=\"widget\" data-widget_type=\"image.default\">\n\t\t\t\t<div class=\"elementor-widget-container\">\n\t\t\t\t\t\t\t\t\t\t\t\t\t\t\t<img fetchpriority=\"high\" decoding=\"async\" width=\"400\" height=\"400\" src=\"https:\/\/ferraricavbruno.it\/wp-content\/uploads\/2021\/10\/ferrari-info-prodotto-1.png\" class=\"attachment-large size-large wp-image-707\" alt=\"\" srcset=\"https:\/\/ferraricavbruno.it\/wp-content\/uploads\/2021\/10\/ferrari-info-prodotto-1.png 400w, https:\/\/ferraricavbruno.it\/wp-content\/uploads\/2021\/10\/ferrari-info-prodotto-1-300x300.png 300w, https:\/\/ferraricavbruno.it\/wp-content\/uploads\/2021\/10\/ferrari-info-prodotto-1-150x150.png 150w, https:\/\/ferraricavbruno.it\/wp-content\/uploads\/2021\/10\/ferrari-info-prodotto-1-146x146.png 146w, https:\/\/ferraricavbruno.it\/wp-content\/uploads\/2021\/10\/ferrari-info-prodotto-1-50x50.png 50w, https:\/\/ferraricavbruno.it\/wp-content\/uploads\/2021\/10\/ferrari-info-prodotto-1-75x75.png 75w, https:\/\/ferraricavbruno.it\/wp-content\/uploads\/2021\/10\/ferrari-info-prodotto-1-85x85.png 85w, https:\/\/ferraricavbruno.it\/wp-content\/uploads\/2021\/10\/ferrari-info-prodotto-1-80x80.png 80w\" sizes=\"(max-width:767px) 400px, 400px\" title=\"\">\t\t\t\t\t\t\t\t\t\t\t\t\t\t\t<\/div>\n\t\t\t\t<\/div>\n\t\t\t\t\t<\/div>\n\t\t<\/div>\n\t\t\t\t<div class=\"elementor-column elementor-col-50 elementor-inner-column elementor-element elementor-element-44ce8ea\" data-id=\"44ce8ea\" data-element_type=\"column\" data-e-type=\"column\">\n\t\t\t<div class=\"elementor-widget-wrap elementor-element-populated\">\n\t\t\t\t\t\t<div class=\"elementor-element elementor-element-ba7fbb2 elementor-widget elementor-widget-text-editor\" data-id=\"ba7fbb2\" data-element_type=\"widget\" data-e-type=\"widget\" data-widget_type=\"text-editor.default\">\n\t\t\t\t<div class=\"elementor-widget-container\">\n\t\t\t\t\t\t\t\t\t<p><strong>Periodo di maturazione:<\/strong> 24 mesi<\/p><p><strong>Conservazione: : <\/strong>gli spicchi confezionati sottovuoto sono da consumarsi entro 180 giorni dalla data di confezionamento<\/p><p><strong>Ingredienti: <\/strong>latte vaccino, caglio, sale.<\/p>\t\t\t\t\t\t\t\t<\/div>\n\t\t\t\t<\/div>\n\t\t\t\t\t<\/div>\n\t\t<\/div>\n\t\t\t\t\t<\/div>\n\t\t<\/section>\n\t\t\t\t<div class=\"elementor-element elementor-element-da15444 elementor-widget elementor-widget-text-editor\" data-id=\"da15444\" data-element_type=\"widget\" data-e-type=\"widget\" data-widget_type=\"text-editor.default\">\n\t\t\t\t<div class=\"elementor-widget-container\">\n\t\t\t\t\t\t\t\t\t<p>Nel prodotto non sono presenti conservanti o altri additivi<\/p>\t\t\t\t\t\t\t\t<\/div>\n\t\t\t\t<\/div>\n\t\t\t\t<section class=\"elementor-section elementor-inner-section elementor-element elementor-element-95c256c elementor-section-boxed elementor-section-height-default elementor-section-height-default\" data-id=\"95c256c\" data-element_type=\"section\" data-e-type=\"section\">\n\t\t\t\t\t\t<div class=\"elementor-container elementor-column-gap-default\">\n\t\t\t\t\t<div class=\"elementor-column elementor-col-100 elementor-inner-column elementor-element elementor-element-cc37423\" data-id=\"cc37423\" data-element_type=\"column\" data-e-type=\"column\">\n\t\t\t<div class=\"elementor-widget-wrap elementor-element-populated\">\n\t\t\t\t\t\t<div class=\"elementor-element elementor-element-4f84962 elementor-widget__width-initial elementor-widget-mobile__width-initial elementor-position-top elementor-widget elementor-widget-image-box\" data-id=\"4f84962\" data-element_type=\"widget\" data-e-type=\"widget\" data-widget_type=\"image-box.default\">\n\t\t\t\t<div class=\"elementor-widget-container\">\n\t\t\t\t\t<div class=\"elementor-image-box-wrapper\"><figure class=\"elementor-image-box-img\"><img decoding=\"async\" width=\"200\" height=\"200\" src=\"https:\/\/ferraricavbruno.it\/wp-content\/uploads\/2023\/02\/icone-ferrari-cav-bruno-200-\u00d7-200-px-1.png\" class=\"attachment-full size-full wp-image-851\" alt=\"\" title=\"\" srcset=\"https:\/\/ferraricavbruno.it\/wp-content\/uploads\/2023\/02\/icone-ferrari-cav-bruno-200-\u00d7-200-px-1.png 200w, https:\/\/ferraricavbruno.it\/wp-content\/uploads\/2023\/02\/icone-ferrari-cav-bruno-200-\u00d7-200-px-1-150x150.png 150w, https:\/\/ferraricavbruno.it\/wp-content\/uploads\/2023\/02\/icone-ferrari-cav-bruno-200-\u00d7-200-px-1-146x146.png 146w, https:\/\/ferraricavbruno.it\/wp-content\/uploads\/2023\/02\/icone-ferrari-cav-bruno-200-\u00d7-200-px-1-50x50.png 50w, https:\/\/ferraricavbruno.it\/wp-content\/uploads\/2023\/02\/icone-ferrari-cav-bruno-200-\u00d7-200-px-1-75x75.png 75w, https:\/\/ferraricavbruno.it\/wp-content\/uploads\/2023\/02\/icone-ferrari-cav-bruno-200-\u00d7-200-px-1-85x85.png 85w, https:\/\/ferraricavbruno.it\/wp-content\/uploads\/2023\/02\/icone-ferrari-cav-bruno-200-\u00d7-200-px-1-80x80.png 80w\" sizes=\"(max-width:767px) 200px, 200px\" \/><\/figure><div class=\"elementor-image-box-content\"><h6 class=\"elementor-image-box-title\">Prodotto servito nei migliori ristoranti di Parma<\/h6><\/div><\/div>\t\t\t\t<\/div>\n\t\t\t\t<\/div>\n\t\t\t\t<div class=\"elementor-element elementor-element-ca3b5e9 elementor-widget__width-initial elementor-widget-mobile__width-initial elementor-position-top elementor-widget elementor-widget-image-box\" data-id=\"ca3b5e9\" data-element_type=\"widget\" data-e-type=\"widget\" data-widget_type=\"image-box.default\">\n\t\t\t\t<div class=\"elementor-widget-container\">\n\t\t\t\t\t<div class=\"elementor-image-box-wrapper\"><figure class=\"elementor-image-box-img\"><img decoding=\"async\" width=\"200\" height=\"200\" src=\"https:\/\/ferraricavbruno.it\/wp-content\/uploads\/2023\/02\/4.png\" class=\"attachment-full size-full wp-image-854\" alt=\"\" title=\"\" srcset=\"https:\/\/ferraricavbruno.it\/wp-content\/uploads\/2023\/02\/4.png 200w, https:\/\/ferraricavbruno.it\/wp-content\/uploads\/2023\/02\/4-150x150.png 150w, https:\/\/ferraricavbruno.it\/wp-content\/uploads\/2023\/02\/4-146x146.png 146w, https:\/\/ferraricavbruno.it\/wp-content\/uploads\/2023\/02\/4-50x50.png 50w, https:\/\/ferraricavbruno.it\/wp-content\/uploads\/2023\/02\/4-75x75.png 75w, https:\/\/ferraricavbruno.it\/wp-content\/uploads\/2023\/02\/4-85x85.png 85w, https:\/\/ferraricavbruno.it\/wp-content\/uploads\/2023\/02\/4-80x80.png 80w\" sizes=\"(max-width:767px) 200px, 200px\" \/><\/figure><div class=\"elementor-image-box-content\"><h6 class=\"elementor-image-box-title\">Pagamento sicuro e veloce <br>grazie a PayPal<\/h6><\/div><\/div>\t\t\t\t<\/div>\n\t\t\t\t<\/div>\n\t\t\t\t<div class=\"elementor-element elementor-element-bb8c507 elementor-hidden-mobile elementor-widget elementor-widget-spacer\" data-id=\"bb8c507\" data-element_type=\"widget\" data-e-type=\"widget\" data-widget_type=\"spacer.default\">\n\t\t\t\t<div class=\"elementor-widget-container\">\n\t\t\t\t\t\t\t<div class=\"elementor-spacer\">\n\t\t\t<div class=\"elementor-spacer-inner\"><\/div>\n\t\t<\/div>\n\t\t\t\t\t\t<\/div>\n\t\t\t\t<\/div>\n\t\t\t\t<div class=\"elementor-element elementor-element-8ca0ebf elementor-widget__width-initial elementor-widget-mobile__width-initial elementor-position-top elementor-widget elementor-widget-image-box\" data-id=\"8ca0ebf\" data-element_type=\"widget\" data-e-type=\"widget\" data-widget_type=\"image-box.default\">\n\t\t\t\t<div class=\"elementor-widget-container\">\n\t\t\t\t\t<div class=\"elementor-image-box-wrapper\"><figure class=\"elementor-image-box-img\"><img loading=\"lazy\" decoding=\"async\" width=\"200\" height=\"200\" src=\"https:\/\/ferraricavbruno.it\/wp-content\/uploads\/2023\/02\/2.png\" class=\"attachment-full size-full wp-image-852\" alt=\"\" title=\"\" srcset=\"https:\/\/ferraricavbruno.it\/wp-content\/uploads\/2023\/02\/2.png 200w, https:\/\/ferraricavbruno.it\/wp-content\/uploads\/2023\/02\/2-150x150.png 150w, https:\/\/ferraricavbruno.it\/wp-content\/uploads\/2023\/02\/2-146x146.png 146w, https:\/\/ferraricavbruno.it\/wp-content\/uploads\/2023\/02\/2-50x50.png 50w, https:\/\/ferraricavbruno.it\/wp-content\/uploads\/2023\/02\/2-75x75.png 75w, https:\/\/ferraricavbruno.it\/wp-content\/uploads\/2023\/02\/2-85x85.png 85w, https:\/\/ferraricavbruno.it\/wp-content\/uploads\/2023\/02\/2-80x80.png 80w\" sizes=\"(max-width:767px) 200px, 200px\" \/><\/figure><div class=\"elementor-image-box-content\"><h6 class=\"elementor-image-box-title\">Spedizione gratuita<\/h6><\/div><\/div>\t\t\t\t<\/div>\n\t\t\t\t<\/div>\n\t\t\t\t<div class=\"elementor-element elementor-element-106c764 elementor-widget__width-initial elementor-widget-mobile__width-initial elementor-position-top elementor-widget elementor-widget-image-box\" data-id=\"106c764\" data-element_type=\"widget\" data-e-type=\"widget\" data-widget_type=\"image-box.default\">\n\t\t\t\t<div class=\"elementor-widget-container\">\n\t\t\t\t\t<div class=\"elementor-image-box-wrapper\"><figure class=\"elementor-image-box-img\"><img loading=\"lazy\" decoding=\"async\" width=\"200\" height=\"200\" src=\"https:\/\/ferraricavbruno.it\/wp-content\/uploads\/2023\/02\/3.png\" class=\"attachment-full size-full wp-image-853\" alt=\"\" title=\"\" srcset=\"https:\/\/ferraricavbruno.it\/wp-content\/uploads\/2023\/02\/3.png 200w, https:\/\/ferraricavbruno.it\/wp-content\/uploads\/2023\/02\/3-150x150.png 150w, https:\/\/ferraricavbruno.it\/wp-content\/uploads\/2023\/02\/3-146x146.png 146w, https:\/\/ferraricavbruno.it\/wp-content\/uploads\/2023\/02\/3-50x50.png 50w, https:\/\/ferraricavbruno.it\/wp-content\/uploads\/2023\/02\/3-75x75.png 75w, https:\/\/ferraricavbruno.it\/wp-content\/uploads\/2023\/02\/3-85x85.png 85w, https:\/\/ferraricavbruno.it\/wp-content\/uploads\/2023\/02\/3-80x80.png 80w\" sizes=\"(max-width:767px) 200px, 200px\" \/><\/figure><div class=\"elementor-image-box-content\"><h6 class=\"elementor-image-box-title\">Direttamente dal produttore <br>al consumatore<\/h6><\/div><\/div>\t\t\t\t<\/div>\n\t\t\t\t<\/div>\n\t\t\t\t\t<\/div>\n\t\t<\/div>\n\t\t\t\t\t<\/div>\n\t\t<\/section>\n\t\t\t\t\t<\/div>\n\t\t<\/div>\n\t\t\t\t\t<\/div>\n\t\t<\/section>\n\t\t\t\t<\/div>\n\t\t","protected":false},"excerpt":{"rendered":"<p>Il Parmigiano Reggiano DOP stagionato 24 mesi \u00e8 un formaggio italiano a lenta maturazione, perfettamente digeribile ed eccellente nella preparazione di piatti sia salati che dolci. Fresco al 100%, ha spiccate qualit\u00e0 nutritive ed \u00e8 uno degli alimenti pi\u00f9 completi, sani e genuini.<\/p>\n<p>&nbsp;<\/p>\n","protected":false},"featured_media":932,"comment_status":"closed","ping_status":"closed","template":"","meta":[],"product_brand":[],"product_cat":[57],"product_tag":[],"class_list":{"0":"post-749","1":"product","2":"type-product","3":"status-publish","4":"has-post-thumbnail","6":"product_cat-parmigiano","8":"first","9":"instock","10":"shipping-taxable","11":"purchasable","12":"product-type-simple"},"_links":{"self":[{"href":"https:\/\/ferraricavbruno.it\/en\/wp-json\/wp\/v2\/product\/749","targetHints":{"allow":["GET"]}}],"collection":[{"href":"https:\/\/ferraricavbruno.it\/en\/wp-json\/wp\/v2\/product"}],"about":[{"href":"https:\/\/ferraricavbruno.it\/en\/wp-json\/wp\/v2\/types\/product"}],"replies":[{"embeddable":true,"href":"https:\/\/ferraricavbruno.it\/en\/wp-json\/wp\/v2\/comments?post=749"}],"version-history":[{"count":0,"href":"https:\/\/ferraricavbruno.it\/en\/wp-json\/wp\/v2\/product\/749\/revisions"}],"wp:featuredmedia":[{"embeddable":true,"href":"https:\/\/ferraricavbruno.it\/en\/wp-json\/wp\/v2\/media\/932"}],"wp:attachment":[{"href":"https:\/\/ferraricavbruno.it\/en\/wp-json\/wp\/v2\/media?parent=749"}],"wp:term":[{"taxonomy":"product_brand","embeddable":true,"href":"https:\/\/ferraricavbruno.it\/en\/wp-json\/wp\/v2\/product_brand?post=749"},{"taxonomy":"product_cat","embeddable":true,"href":"https:\/\/ferraricavbruno.it\/en\/wp-json\/wp\/v2\/product_cat?post=749"},{"taxonomy":"product_tag","embeddable":true,"href":"https:\/\/ferraricavbruno.it\/en\/wp-json\/wp\/v2\/product_tag?post=749"}],"curies":[{"name":"wp","href":"https:\/\/api.w.org\/{rel}","templated":true}]}}