{"id":200,"date":"2021-10-06T12:43:10","date_gmt":"2021-10-06T10:43:10","guid":{"rendered":"http:\/\/ferraricavbruno.it\/?post_type=product&#038;p=200"},"modified":"2025-04-08T16:10:20","modified_gmt":"2025-04-08T14:10:20","slug":"salame-felino-igp","status":"publish","type":"product","link":"https:\/\/ferraricavbruno.it\/en\/prodotto\/salame-felino-igp\/","title":{"rendered":"Salame Felino IGP | Stagionatura 2 mesi"},"content":{"rendered":"\t\t<div data-elementor-type=\"wp-post\" data-elementor-id=\"200\" class=\"elementor elementor-200\">\n\t\t\t\t\t\t<section class=\"elementor-section elementor-top-section elementor-element elementor-element-2e72883 elementor-section-boxed elementor-section-height-default elementor-section-height-default\" data-id=\"2e72883\" data-element_type=\"section\" data-e-type=\"section\">\n\t\t\t\t\t\t<div class=\"elementor-container elementor-column-gap-default\">\n\t\t\t\t\t<div class=\"elementor-column elementor-col-100 elementor-top-column elementor-element elementor-element-5964594\" data-id=\"5964594\" data-element_type=\"column\" data-e-type=\"column\">\n\t\t\t<div class=\"elementor-widget-wrap elementor-element-populated\">\n\t\t\t\t\t\t<section class=\"elementor-section elementor-inner-section elementor-element elementor-element-886a5df elementor-section-boxed elementor-section-height-default elementor-section-height-default\" data-id=\"886a5df\" data-element_type=\"section\" data-e-type=\"section\">\n\t\t\t\t\t\t<div class=\"elementor-container elementor-column-gap-default\">\n\t\t\t\t\t<div class=\"elementor-column elementor-col-100 elementor-inner-column elementor-element elementor-element-5bb47b1\" data-id=\"5bb47b1\" data-element_type=\"column\" data-e-type=\"column\">\n\t\t\t<div class=\"elementor-widget-wrap elementor-element-populated\">\n\t\t\t\t\t\t<div class=\"elementor-element elementor-element-924d723 elementor-widget elementor-widget-heading\" data-id=\"924d723\" data-element_type=\"widget\" data-e-type=\"widget\" data-widget_type=\"heading.default\">\n\t\t\t\t<div class=\"elementor-widget-container\">\n\t\t\t\t\t<h1 class=\"elementor-heading-title elementor-size-default\">Salame Felino IGP - Stagionatura 2 mesi<\/h1>\t\t\t\t<\/div>\n\t\t\t\t<\/div>\n\t\t\t\t<div class=\"elementor-element elementor-element-87fb1c7 elementor-widget elementor-widget-text-editor\" data-id=\"87fb1c7\" data-element_type=\"widget\" data-e-type=\"widget\" data-widget_type=\"text-editor.default\">\n\t\t\t\t<div class=\"elementor-widget-container\">\n\t\t\t\t\t\t\t\t\t<p>Il Salame Felino IGP \u00e8 un prodotto di eccellenza che racconta tutta la cultura gastronomica della regione Emilia-Romagna. Preparato con cura secondo un metodo artigianale tramandato di generazioni, si avvale di materia prima di qualit\u00e0 italiana: i migliori tagli di carne macinata, insaccata e stagionata per circa 60 giorni.<\/p>\t\t\t\t\t\t\t\t<\/div>\n\t\t\t\t<\/div>\n\t\t\t\t<div class=\"elementor-element elementor-element-1ddd53d elementor-widget elementor-widget-text-editor\" data-id=\"1ddd53d\" data-element_type=\"widget\" data-e-type=\"widget\" data-widget_type=\"text-editor.default\">\n\t\t\t\t<div class=\"elementor-widget-container\">\n\t\t\t\t\t\t\t\t\t<p>Per insaporire il salame, vengono utilizzati solo aromi naturali e spezie selezionate, che ne esaltano il sapore. Disponibile in due differenti tagli, il salame Felino \u00e8 un prodotto unico, affumicato naturalmente per completare la sua preparazione. Il Salame Felino IGP \u00e8 l&#8217;ideale per accompagnare i tuoi piatti e dare un tocco di autenticit\u00e0 alla tua tavola. Spedizione in tutta Italia.<\/p>\t\t\t\t\t\t\t\t<\/div>\n\t\t\t\t<\/div>\n\t\t\t\t\t<\/div>\n\t\t<\/div>\n\t\t\t\t\t<\/div>\n\t\t<\/section>\n\t\t\t\t<section class=\"elementor-section elementor-inner-section elementor-element elementor-element-b541d00 elementor-section-boxed elementor-section-height-default elementor-section-height-default\" data-id=\"b541d00\" data-element_type=\"section\" data-e-type=\"section\">\n\t\t\t\t\t\t<div class=\"elementor-container elementor-column-gap-default\">\n\t\t\t\t\t<div class=\"elementor-column elementor-col-50 elementor-inner-column elementor-element elementor-element-a8e64a0\" data-id=\"a8e64a0\" data-element_type=\"column\" data-e-type=\"column\">\n\t\t\t<div class=\"elementor-widget-wrap elementor-element-populated\">\n\t\t\t\t\t\t<div class=\"elementor-element elementor-element-f89b03c elementor-widget elementor-widget-image\" data-id=\"f89b03c\" data-element_type=\"widget\" data-e-type=\"widget\" data-widget_type=\"image.default\">\n\t\t\t\t<div class=\"elementor-widget-container\">\n\t\t\t\t\t\t\t\t\t\t\t\t\t\t\t<img fetchpriority=\"high\" decoding=\"async\" width=\"400\" height=\"400\" src=\"https:\/\/ferraricavbruno.it\/wp-content\/uploads\/2021\/10\/ferrari-info-prodotto-1.png\" class=\"attachment-large size-large wp-image-707\" alt=\"\" srcset=\"https:\/\/ferraricavbruno.it\/wp-content\/uploads\/2021\/10\/ferrari-info-prodotto-1.png 400w, https:\/\/ferraricavbruno.it\/wp-content\/uploads\/2021\/10\/ferrari-info-prodotto-1-300x300.png 300w, https:\/\/ferraricavbruno.it\/wp-content\/uploads\/2021\/10\/ferrari-info-prodotto-1-150x150.png 150w, https:\/\/ferraricavbruno.it\/wp-content\/uploads\/2021\/10\/ferrari-info-prodotto-1-146x146.png 146w, https:\/\/ferraricavbruno.it\/wp-content\/uploads\/2021\/10\/ferrari-info-prodotto-1-50x50.png 50w, https:\/\/ferraricavbruno.it\/wp-content\/uploads\/2021\/10\/ferrari-info-prodotto-1-75x75.png 75w, https:\/\/ferraricavbruno.it\/wp-content\/uploads\/2021\/10\/ferrari-info-prodotto-1-85x85.png 85w, https:\/\/ferraricavbruno.it\/wp-content\/uploads\/2021\/10\/ferrari-info-prodotto-1-80x80.png 80w\" sizes=\"(max-width:767px) 400px, 400px\" title=\"\">\t\t\t\t\t\t\t\t\t\t\t\t\t\t\t<\/div>\n\t\t\t\t<\/div>\n\t\t\t\t\t<\/div>\n\t\t<\/div>\n\t\t\t\t<div class=\"elementor-column elementor-col-50 elementor-inner-column elementor-element elementor-element-8f69b9b\" data-id=\"8f69b9b\" data-element_type=\"column\" data-e-type=\"column\">\n\t\t\t<div class=\"elementor-widget-wrap elementor-element-populated\">\n\t\t\t\t\t\t<div class=\"elementor-element elementor-element-42c2926 elementor-widget elementor-widget-text-editor\" data-id=\"42c2926\" data-element_type=\"widget\" data-e-type=\"widget\" data-widget_type=\"text-editor.default\">\n\t\t\t\t<div class=\"elementor-widget-container\">\n\t\t\t\t\t\t\t\t\t<p><strong>Pezzatura:<\/strong> kg 0,5 circa \/ kg 1 circa<\/p><p><strong>Periodo di stagionatura:<\/strong> 60 giorni circa<\/p><p><strong>Conservazione:<\/strong> 90 giorni dalla data di produzione in un luogo fresco e asciutto<\/p><p><strong>Ingredienti:<\/strong> Carne suina, sale, aromi, spezie , conservanti: E252, E250<\/p>\t\t\t\t\t\t\t\t<\/div>\n\t\t\t\t<\/div>\n\t\t\t\t\t<\/div>\n\t\t<\/div>\n\t\t\t\t\t<\/div>\n\t\t<\/section>\n\t\t\t\t<div class=\"elementor-element elementor-element-901910b elementor-widget elementor-widget-text-editor\" data-id=\"901910b\" data-element_type=\"widget\" data-e-type=\"widget\" data-widget_type=\"text-editor.default\">\n\t\t\t\t<div class=\"elementor-widget-container\">\n\t\t\t\t\t\t\t\t\t<p>Nel prodotto non sono presenti allergeni, non esiste rischio di contaminazioni crociate accidentali ed \u00e8 adatto al consumo dei celiaci<\/p>\t\t\t\t\t\t\t\t<\/div>\n\t\t\t\t<\/div>\n\t\t\t\t<section class=\"elementor-section elementor-inner-section elementor-element elementor-element-3cbc21d elementor-section-boxed elementor-section-height-default elementor-section-height-default\" data-id=\"3cbc21d\" data-element_type=\"section\" data-e-type=\"section\">\n\t\t\t\t\t\t<div class=\"elementor-container elementor-column-gap-default\">\n\t\t\t\t\t<div class=\"elementor-column elementor-col-100 elementor-inner-column elementor-element elementor-element-9d84fa6\" data-id=\"9d84fa6\" data-element_type=\"column\" data-e-type=\"column\">\n\t\t\t<div class=\"elementor-widget-wrap elementor-element-populated\">\n\t\t\t\t\t\t<div class=\"elementor-element elementor-element-beecc23 elementor-widget__width-initial elementor-widget-mobile__width-initial elementor-position-top elementor-widget elementor-widget-image-box\" data-id=\"beecc23\" data-element_type=\"widget\" data-e-type=\"widget\" data-widget_type=\"image-box.default\">\n\t\t\t\t<div class=\"elementor-widget-container\">\n\t\t\t\t\t<div class=\"elementor-image-box-wrapper\"><figure class=\"elementor-image-box-img\"><img decoding=\"async\" width=\"200\" height=\"200\" src=\"https:\/\/ferraricavbruno.it\/wp-content\/uploads\/2023\/02\/icone-ferrari-cav-bruno-200-\u00d7-200-px-1.png\" class=\"attachment-full size-full wp-image-851\" alt=\"\" title=\"\" srcset=\"https:\/\/ferraricavbruno.it\/wp-content\/uploads\/2023\/02\/icone-ferrari-cav-bruno-200-\u00d7-200-px-1.png 200w, https:\/\/ferraricavbruno.it\/wp-content\/uploads\/2023\/02\/icone-ferrari-cav-bruno-200-\u00d7-200-px-1-150x150.png 150w, https:\/\/ferraricavbruno.it\/wp-content\/uploads\/2023\/02\/icone-ferrari-cav-bruno-200-\u00d7-200-px-1-146x146.png 146w, https:\/\/ferraricavbruno.it\/wp-content\/uploads\/2023\/02\/icone-ferrari-cav-bruno-200-\u00d7-200-px-1-50x50.png 50w, https:\/\/ferraricavbruno.it\/wp-content\/uploads\/2023\/02\/icone-ferrari-cav-bruno-200-\u00d7-200-px-1-75x75.png 75w, https:\/\/ferraricavbruno.it\/wp-content\/uploads\/2023\/02\/icone-ferrari-cav-bruno-200-\u00d7-200-px-1-85x85.png 85w, https:\/\/ferraricavbruno.it\/wp-content\/uploads\/2023\/02\/icone-ferrari-cav-bruno-200-\u00d7-200-px-1-80x80.png 80w\" sizes=\"(max-width:767px) 200px, 200px\" \/><\/figure><div class=\"elementor-image-box-content\"><h6 class=\"elementor-image-box-title\">Prodotto servito nei migliori ristoranti di Parma<\/h6><\/div><\/div>\t\t\t\t<\/div>\n\t\t\t\t<\/div>\n\t\t\t\t<div class=\"elementor-element elementor-element-1a05d47 elementor-widget__width-initial elementor-widget-mobile__width-initial elementor-position-top elementor-widget elementor-widget-image-box\" data-id=\"1a05d47\" data-element_type=\"widget\" data-e-type=\"widget\" data-widget_type=\"image-box.default\">\n\t\t\t\t<div class=\"elementor-widget-container\">\n\t\t\t\t\t<div class=\"elementor-image-box-wrapper\"><figure class=\"elementor-image-box-img\"><img decoding=\"async\" width=\"200\" height=\"200\" src=\"https:\/\/ferraricavbruno.it\/wp-content\/uploads\/2023\/02\/4.png\" class=\"attachment-full size-full wp-image-854\" alt=\"\" title=\"\" srcset=\"https:\/\/ferraricavbruno.it\/wp-content\/uploads\/2023\/02\/4.png 200w, https:\/\/ferraricavbruno.it\/wp-content\/uploads\/2023\/02\/4-150x150.png 150w, https:\/\/ferraricavbruno.it\/wp-content\/uploads\/2023\/02\/4-146x146.png 146w, https:\/\/ferraricavbruno.it\/wp-content\/uploads\/2023\/02\/4-50x50.png 50w, https:\/\/ferraricavbruno.it\/wp-content\/uploads\/2023\/02\/4-75x75.png 75w, https:\/\/ferraricavbruno.it\/wp-content\/uploads\/2023\/02\/4-85x85.png 85w, https:\/\/ferraricavbruno.it\/wp-content\/uploads\/2023\/02\/4-80x80.png 80w\" sizes=\"(max-width:767px) 200px, 200px\" \/><\/figure><div class=\"elementor-image-box-content\"><h6 class=\"elementor-image-box-title\">Pagamento sicuro e veloce <br>grazie a PayPal<\/h6><\/div><\/div>\t\t\t\t<\/div>\n\t\t\t\t<\/div>\n\t\t\t\t<div class=\"elementor-element elementor-element-512305e elementor-hidden-mobile elementor-widget elementor-widget-spacer\" data-id=\"512305e\" data-element_type=\"widget\" data-e-type=\"widget\" data-widget_type=\"spacer.default\">\n\t\t\t\t<div class=\"elementor-widget-container\">\n\t\t\t\t\t\t\t<div class=\"elementor-spacer\">\n\t\t\t<div class=\"elementor-spacer-inner\"><\/div>\n\t\t<\/div>\n\t\t\t\t\t\t<\/div>\n\t\t\t\t<\/div>\n\t\t\t\t<div class=\"elementor-element elementor-element-e53a2f5 elementor-widget__width-initial elementor-widget-mobile__width-initial elementor-position-top elementor-widget elementor-widget-image-box\" data-id=\"e53a2f5\" data-element_type=\"widget\" data-e-type=\"widget\" data-widget_type=\"image-box.default\">\n\t\t\t\t<div class=\"elementor-widget-container\">\n\t\t\t\t\t<div class=\"elementor-image-box-wrapper\"><figure class=\"elementor-image-box-img\"><img loading=\"lazy\" decoding=\"async\" width=\"200\" height=\"200\" src=\"https:\/\/ferraricavbruno.it\/wp-content\/uploads\/2023\/02\/2.png\" class=\"attachment-full size-full wp-image-852\" alt=\"\" title=\"\" srcset=\"https:\/\/ferraricavbruno.it\/wp-content\/uploads\/2023\/02\/2.png 200w, https:\/\/ferraricavbruno.it\/wp-content\/uploads\/2023\/02\/2-150x150.png 150w, https:\/\/ferraricavbruno.it\/wp-content\/uploads\/2023\/02\/2-146x146.png 146w, https:\/\/ferraricavbruno.it\/wp-content\/uploads\/2023\/02\/2-50x50.png 50w, https:\/\/ferraricavbruno.it\/wp-content\/uploads\/2023\/02\/2-75x75.png 75w, https:\/\/ferraricavbruno.it\/wp-content\/uploads\/2023\/02\/2-85x85.png 85w, https:\/\/ferraricavbruno.it\/wp-content\/uploads\/2023\/02\/2-80x80.png 80w\" sizes=\"(max-width:767px) 200px, 200px\" \/><\/figure><div class=\"elementor-image-box-content\"><h6 class=\"elementor-image-box-title\">Spedizione gratuita<\/h6><\/div><\/div>\t\t\t\t<\/div>\n\t\t\t\t<\/div>\n\t\t\t\t<div class=\"elementor-element elementor-element-00c88f6 elementor-widget__width-initial elementor-widget-mobile__width-initial elementor-position-top elementor-widget elementor-widget-image-box\" data-id=\"00c88f6\" data-element_type=\"widget\" data-e-type=\"widget\" data-widget_type=\"image-box.default\">\n\t\t\t\t<div class=\"elementor-widget-container\">\n\t\t\t\t\t<div class=\"elementor-image-box-wrapper\"><figure class=\"elementor-image-box-img\"><img loading=\"lazy\" decoding=\"async\" width=\"200\" height=\"200\" src=\"https:\/\/ferraricavbruno.it\/wp-content\/uploads\/2023\/02\/3.png\" class=\"attachment-full size-full wp-image-853\" alt=\"\" title=\"\" srcset=\"https:\/\/ferraricavbruno.it\/wp-content\/uploads\/2023\/02\/3.png 200w, https:\/\/ferraricavbruno.it\/wp-content\/uploads\/2023\/02\/3-150x150.png 150w, https:\/\/ferraricavbruno.it\/wp-content\/uploads\/2023\/02\/3-146x146.png 146w, https:\/\/ferraricavbruno.it\/wp-content\/uploads\/2023\/02\/3-50x50.png 50w, https:\/\/ferraricavbruno.it\/wp-content\/uploads\/2023\/02\/3-75x75.png 75w, https:\/\/ferraricavbruno.it\/wp-content\/uploads\/2023\/02\/3-85x85.png 85w, https:\/\/ferraricavbruno.it\/wp-content\/uploads\/2023\/02\/3-80x80.png 80w\" sizes=\"(max-width:767px) 200px, 200px\" \/><\/figure><div class=\"elementor-image-box-content\"><h6 class=\"elementor-image-box-title\">Direttamente dal produttore <br>al consumatore<\/h6><\/div><\/div>\t\t\t\t<\/div>\n\t\t\t\t<\/div>\n\t\t\t\t\t<\/div>\n\t\t<\/div>\n\t\t\t\t\t<\/div>\n\t\t<\/section>\n\t\t\t\t\t<\/div>\n\t\t<\/div>\n\t\t\t\t\t<\/div>\n\t\t<\/section>\n\t\t\t\t<\/div>\n\t\t","protected":false},"excerpt":{"rendered":"<p>Il Salame Felino IGP \u00e8 un prodotto di eccellenza, preparato con i migliori tagli di carne italiana, lavorato e insaporito con aromi naturali e spezie selezionate, secondo un metodo artigianale tramandato di generazioni. Tagliato in due differenti formati, viene stagionato e affumicato naturalmente, raccontando tutta la cultura gastronomica della regione Emilia-Romagna.<\/p>\n<p>Visualizza la <a href=\"https:\/\/ferraricavbruno.it\/wp-content\/uploads\/2023\/02\/12-Salame.pdf\" target=\"_blank\" rel=\"noopener\">scheda tecnica<\/a><\/p>\n","protected":false},"featured_media":938,"comment_status":"closed","ping_status":"closed","template":"","meta":[],"product_brand":[],"product_cat":[56],"product_tag":[],"class_list":{"0":"post-200","1":"product","2":"type-product","3":"status-publish","4":"has-post-thumbnail","6":"product_cat-salame","8":"first","9":"instock","10":"sale","11":"shipping-taxable","12":"purchasable","13":"product-type-variable"},"_links":{"self":[{"href":"https:\/\/ferraricavbruno.it\/en\/wp-json\/wp\/v2\/product\/200","targetHints":{"allow":["GET"]}}],"collection":[{"href":"https:\/\/ferraricavbruno.it\/en\/wp-json\/wp\/v2\/product"}],"about":[{"href":"https:\/\/ferraricavbruno.it\/en\/wp-json\/wp\/v2\/types\/product"}],"replies":[{"embeddable":true,"href":"https:\/\/ferraricavbruno.it\/en\/wp-json\/wp\/v2\/comments?post=200"}],"version-history":[{"count":0,"href":"https:\/\/ferraricavbruno.it\/en\/wp-json\/wp\/v2\/product\/200\/revisions"}],"wp:featuredmedia":[{"embeddable":true,"href":"https:\/\/ferraricavbruno.it\/en\/wp-json\/wp\/v2\/media\/938"}],"wp:attachment":[{"href":"https:\/\/ferraricavbruno.it\/en\/wp-json\/wp\/v2\/media?parent=200"}],"wp:term":[{"taxonomy":"product_brand","embeddable":true,"href":"https:\/\/ferraricavbruno.it\/en\/wp-json\/wp\/v2\/product_brand?post=200"},{"taxonomy":"product_cat","embeddable":true,"href":"https:\/\/ferraricavbruno.it\/en\/wp-json\/wp\/v2\/product_cat?post=200"},{"taxonomy":"product_tag","embeddable":true,"href":"https:\/\/ferraricavbruno.it\/en\/wp-json\/wp\/v2\/product_tag?post=200"}],"curies":[{"name":"wp","href":"https:\/\/api.w.org\/{rel}","templated":true}]}}